{"id":8,"date":"2023-06-05T16:14:18","date_gmt":"2023-06-05T14:14:18","guid":{"rendered":"http:\/\/localhost:8888\/ht\/?page_id=8"},"modified":"2024-09-13T09:46:37","modified_gmt":"2024-09-13T07:46:37","slug":"accueil","status":"publish","type":"page","link":"https:\/\/www.hospitality-talents.eu\/nl\/","title":{"rendered":"Home"},"content":{"rendered":"","protected":false},"excerpt":{"rendered":"","protected":false},"author":1,"featured_media":0,"parent":0,"menu_order":0,"comment_status":"closed","ping_status":"closed","template":"index.php","meta":{"content-type":"","footnotes":""},"class_list":["post-8","page","type-page","status-publish","hentry"],"acf":[],"yoast_head":"<!-- This site is optimized with the Yoast SEO Premium plugin v21.7 (Yoast SEO v22.5) - https:\/\/yoast.com\/wordpress\/plugins\/seo\/ -->\n<title>Accueil - Hospitality Talents<\/title>\n<meta name=\"description\" content=\"\u00c0 la recherche d\u2019une agence de recrutement sp\u00e9cialis\u00e9e dans m\u00e9tiers de l\u2019h\u00f4tellerie en Belgique ? Faites appel \u00e0 Hospitality Talents !\" \/>\n<meta name=\"robots\" content=\"index, follow, max-snippet:-1, max-image-preview:large, max-video-preview:-1\" \/>\n<link rel=\"canonical\" href=\"https:\/\/www.hospitality-talents.eu\/nl\/\" \/>\n<meta name=\"twitter:label1\" content=\"Geschatte leestijd\" \/>\n\t<meta name=\"twitter:data1\" content=\"1 minuut\" \/>\n<script type=\"application\/ld+json\" class=\"yoast-schema-graph\">{\"@context\":\"https:\/\/schema.org\",\"@graph\":[{\"@type\":\"WebPage\",\"@id\":\"https:\/\/www.hospitality-talents.eu\/\",\"url\":\"https:\/\/www.hospitality-talents.eu\/\",\"name\":\"Accueil - Hospitality Talents\",\"isPartOf\":{\"@id\":\"https:\/\/www.hospitality-talents.eu\/#website\"},\"datePublished\":\"2023-06-05T14:14:18+00:00\",\"dateModified\":\"2024-09-13T07:46:37+00:00\",\"description\":\"\u00c0 la recherche d\u2019une agence de recrutement sp\u00e9cialis\u00e9e dans m\u00e9tiers de l\u2019h\u00f4tellerie en Belgique ? Faites appel \u00e0 Hospitality Talents !\",\"breadcrumb\":{\"@id\":\"https:\/\/www.hospitality-talents.eu\/#breadcrumb\"},\"inLanguage\":\"nl-NL\",\"potentialAction\":[{\"@type\":\"ReadAction\",\"target\":[\"https:\/\/www.hospitality-talents.eu\/\"]}]},{\"@type\":\"BreadcrumbList\",\"@id\":\"https:\/\/www.hospitality-talents.eu\/#breadcrumb\",\"itemListElement\":[{\"@type\":\"ListItem\",\"position\":1,\"name\":\"Home\",\"item\":\"https:\/\/www.hospitality-talents.eu\/\"},{\"@type\":\"ListItem\",\"position\":2,\"name\":\"Accueil\"}]},{\"@type\":\"WebSite\",\"@id\":\"https:\/\/www.hospitality-talents.eu\/#website\",\"url\":\"https:\/\/www.hospitality-talents.eu\/\",\"name\":\"Hospitality Talents\",\"description\":\"Hospitality Talents - Recruitment Agency\",\"publisher\":{\"@id\":\"https:\/\/www.hospitality-talents.eu\/#organization\"},\"potentialAction\":[{\"@type\":\"SearchAction\",\"target\":{\"@type\":\"EntryPoint\",\"urlTemplate\":\"https:\/\/www.hospitality-talents.eu\/?s={search_term_string}\"},\"query-input\":\"required name=search_term_string\"}],\"inLanguage\":\"nl-NL\"},{\"@type\":\"Organization\",\"@id\":\"https:\/\/www.hospitality-talents.eu\/#organization\",\"name\":\"Hospitality Talents\",\"url\":\"https:\/\/www.hospitality-talents.eu\/\",\"logo\":{\"@type\":\"ImageObject\",\"inLanguage\":\"nl-NL\",\"@id\":\"https:\/\/www.hospitality-talents.eu\/#\/schema\/logo\/image\/\",\"url\":\"https:\/\/www.hospitality-talents.eu\/wp-content\/uploads\/2023\/09\/Hospitality-Talents.jpg\",\"contentUrl\":\"https:\/\/www.hospitality-talents.eu\/wp-content\/uploads\/2023\/09\/Hospitality-Talents.jpg\",\"width\":397,\"height\":143,\"caption\":\"Hospitality Talents\"},\"image\":{\"@id\":\"https:\/\/www.hospitality-talents.eu\/#\/schema\/logo\/image\/\"},\"sameAs\":[\"https:\/\/www.linkedin.com\/company\/hospitality-talents-recruitment-agency\/\"],\"publishingPrinciples\":\"https:\/\/www.hospitality-talents.eu\/\"}]}<\/script>\n<!-- \/ Yoast SEO Premium plugin. -->","yoast_head_json":{"title":"Accueil - Hospitality Talents","description":"\u00c0 la recherche d\u2019une agence de recrutement sp\u00e9cialis\u00e9e dans m\u00e9tiers de l\u2019h\u00f4tellerie en Belgique ? Faites appel \u00e0 Hospitality Talents !","robots":{"index":"index","follow":"follow","max-snippet":"max-snippet:-1","max-image-preview":"max-image-preview:large","max-video-preview":"max-video-preview:-1"},"canonical":"https:\/\/www.hospitality-talents.eu\/nl\/","twitter_misc":{"Geschatte leestijd":"1 minuut"},"schema":{"@context":"https:\/\/schema.org","@graph":[{"@type":"WebPage","@id":"https:\/\/www.hospitality-talents.eu\/","url":"https:\/\/www.hospitality-talents.eu\/","name":"Accueil - Hospitality Talents","isPartOf":{"@id":"https:\/\/www.hospitality-talents.eu\/#website"},"datePublished":"2023-06-05T14:14:18+00:00","dateModified":"2024-09-13T07:46:37+00:00","description":"\u00c0 la recherche d\u2019une agence de recrutement sp\u00e9cialis\u00e9e dans m\u00e9tiers de l\u2019h\u00f4tellerie en Belgique ? Faites appel \u00e0 Hospitality Talents !","breadcrumb":{"@id":"https:\/\/www.hospitality-talents.eu\/#breadcrumb"},"inLanguage":"nl-NL","potentialAction":[{"@type":"ReadAction","target":["https:\/\/www.hospitality-talents.eu\/"]}]},{"@type":"BreadcrumbList","@id":"https:\/\/www.hospitality-talents.eu\/#breadcrumb","itemListElement":[{"@type":"ListItem","position":1,"name":"Home","item":"https:\/\/www.hospitality-talents.eu\/"},{"@type":"ListItem","position":2,"name":"Accueil"}]},{"@type":"WebSite","@id":"https:\/\/www.hospitality-talents.eu\/#website","url":"https:\/\/www.hospitality-talents.eu\/","name":"Hospitality Talents","description":"Hospitality Talents - Recruitment Agency","publisher":{"@id":"https:\/\/www.hospitality-talents.eu\/#organization"},"potentialAction":[{"@type":"SearchAction","target":{"@type":"EntryPoint","urlTemplate":"https:\/\/www.hospitality-talents.eu\/?s={search_term_string}"},"query-input":"required name=search_term_string"}],"inLanguage":"nl-NL"},{"@type":"Organization","@id":"https:\/\/www.hospitality-talents.eu\/#organization","name":"Hospitality Talents","url":"https:\/\/www.hospitality-talents.eu\/","logo":{"@type":"ImageObject","inLanguage":"nl-NL","@id":"https:\/\/www.hospitality-talents.eu\/#\/schema\/logo\/image\/","url":"https:\/\/www.hospitality-talents.eu\/wp-content\/uploads\/2023\/09\/Hospitality-Talents.jpg","contentUrl":"https:\/\/www.hospitality-talents.eu\/wp-content\/uploads\/2023\/09\/Hospitality-Talents.jpg","width":397,"height":143,"caption":"Hospitality Talents"},"image":{"@id":"https:\/\/www.hospitality-talents.eu\/#\/schema\/logo\/image\/"},"sameAs":["https:\/\/www.linkedin.com\/company\/hospitality-talents-recruitment-agency\/"],"publishingPrinciples":"https:\/\/www.hospitality-talents.eu\/"}]}},"_links":{"self":[{"href":"https:\/\/www.hospitality-talents.eu\/nl\/wp-json\/wp\/v2\/pages\/8","targetHints":{"allow":["GET"]}}],"collection":[{"href":"https:\/\/www.hospitality-talents.eu\/nl\/wp-json\/wp\/v2\/pages"}],"about":[{"href":"https:\/\/www.hospitality-talents.eu\/nl\/wp-json\/wp\/v2\/types\/page"}],"author":[{"embeddable":true,"href":"https:\/\/www.hospitality-talents.eu\/nl\/wp-json\/wp\/v2\/users\/1"}],"replies":[{"embeddable":true,"href":"https:\/\/www.hospitality-talents.eu\/nl\/wp-json\/wp\/v2\/comments?post=8"}],"version-history":[{"count":34,"href":"https:\/\/www.hospitality-talents.eu\/nl\/wp-json\/wp\/v2\/pages\/8\/revisions"}],"predecessor-version":[{"id":644,"href":"https:\/\/www.hospitality-talents.eu\/nl\/wp-json\/wp\/v2\/pages\/8\/revisions\/644"}],"wp:attachment":[{"href":"https:\/\/www.hospitality-talents.eu\/nl\/wp-json\/wp\/v2\/media?parent=8"}],"curies":[{"name":"wp","href":"https:\/\/api.w.org\/{rel}","templated":true}]}}