{"id":72,"date":"2023-07-11T15:29:56","date_gmt":"2023-07-11T13:29:56","guid":{"rendered":"https:\/\/www.hospitality-talents.eu\/?page_id=72"},"modified":"2023-08-02T13:08:02","modified_gmt":"2023-08-02T11:08:02","slug":"cookie-notice","status":"publish","type":"page","link":"https:\/\/www.hospitality-talents.eu\/nl\/cookie-notice\/","title":{"rendered":"Cookie beleid"},"content":{"rendered":"<p class=\"has-text-color\" style=\"color:#ba4a1f\">1. Wat is een cookie?<\/p>\n\n\n\n<p>Een cookie is een klein bestand bestaande uit letters en cijfers dat naar uw computer wordt gedownload wanneer u bepaalde websites bezoekt. Over het algemeen stellen cookies een website in staat om de computer van de gebruiker te herkennen.<br>\u200b<br>Het belangrijkste om te weten over de cookies die we plaatsen, is dat ze dienen om de gebruiksvriendelijkheid van onze website te verbeteren, bijvoorbeeld door sitevoorkeuren en taalinstellingen te onthouden.<\/p>\n\n\n\n<p class=\"has-text-color\" style=\"color:#ba4a1f\">2. Waarom gebruiken we cookies?<\/p>\n\n\n\n<p>We kunnen cookies en andere vergelijkbare technologie\u00ebn om een aantal redenen gebruiken, bijvoorbeeld: (i) voor veiligheids- of fraudebeschermingsdoeleinden en om cyberaanvallen te identificeren en te voorkomen, (ii) om u de service te bieden die u wilt ontvangen van ons, iii) om de prestaties, werking en effectiviteit van onze service te monitoren en te analyseren en iv) om uw gebruikerservaring te verbeteren.<\/p>\n\n\n\n<p class=\"has-text-color\" style=\"color:#ba4a1f\">3. Uw keuzes:<\/p>\n\n\n\n<p>Voor meer informatie over cookies, inclusief hoe u kunt zien welke cookies zijn ingesteld en om te begrijpen hoe u deze kunt beheren, verwijderen of blokkeren, gaat u naar&nbsp;<a href=\"https:\/\/aboutcookies.org\/\" target=\"_blank\" rel=\"noreferrer noopener\"><\/a><a href=\"https:\/\/aboutcookies.org\/\" target=\"_blank\" rel=\"noreferrer noopener\">https:\/\/aboutcookies.org\/<\/a>&nbsp;of&nbsp;<a href=\"https:\/\/www.allaboutcookies.org\/fr\/\" target=\"_blank\" rel=\"noreferrer noopener\"><\/a><a href=\"https:\/\/www.allaboutcookies.org\/fr\/\" target=\"_blank\" rel=\"noreferrer noopener\">https:\/\/www.allaboutcookies.org\/fr\/<\/a>.<br>&nbsp;<\/p>\n\n\n\n<p>Het is ook mogelijk om te voorkomen dat uw browser cookies accepteert door de relevante instellingen in uw browser te wijzigen. U vindt deze instellingen meestal in het menu \"Opties\" of \"Voorkeuren\" van uw browser.<br>&nbsp;<\/p>\n\n\n\n<p>Houd er rekening mee dat het verwijderen van onze cookies of het uitschakelen van toekomstige cookies of volgtechnologie\u00ebn ervoor kan zorgen dat u geen toegang krijgt tot bepaalde delen of functies van onze diensten, of dat dit anderszins een negatieve invloed kan hebben op uw gebruikerservaring.<br>&nbsp;<\/p>\n\n\n\n<p>De volgende links kunnen nuttig zijn, of u kunt de \"Help\"-optie van uw browser gebruiken.<br>&nbsp;<\/p>\n\n\n\n<ul class=\"wp-block-list\">\n<li><a href=\"https:\/\/support.mozilla.org\/fr\/kb\/protection-renforcee-contre-pistage-firefox-ordinateur?redirectslug=Enabling+and+disabling+cookies&amp;redirectlocale=en-US\" target=\"_blank\" rel=\"noreferrer noopener\">Param\u00e8tres des cookies dans Firefox<\/a><\/li>\n\n\n\n<li><a href=\"https:\/\/support.microsoft.com\/fr-fr\/topic\/supprimer-et-g%C3%A9rer-les-cookies-168dab11-0753-043d-7c16-ede5947fc64d\" target=\"_blank\" rel=\"noreferrer noopener\">Param\u00e8tres des cookies dans Internet Explorer<\/a><\/li>\n\n\n\n<li><a href=\"https:\/\/support.google.com\/chrome\/answer\/95647?hl=fr\" target=\"_blank\" rel=\"noreferrer noopener\">Param\u00e8tres des cookies dans Google Chrome<\/a><\/li>\n\n\n\n<li><a href=\"https:\/\/support.apple.com\/fr-fr\/guide\/safari\/sfri11471\/mac\" target=\"_blank\" rel=\"noreferrer noopener\">Param\u00e8tres des cookies dans Safari (OS X)<\/a><\/li>\n\n\n\n<li><a href=\"https:\/\/support.apple.com\/fr-fr\/HT201265\" target=\"_blank\" rel=\"noreferrer noopener\">Param\u00e8tres des cookies dans Safari (iOS)<\/a><\/li>\n\n\n\n<li><a href=\"https:\/\/support.google.com\/accounts\/answer\/32050?co=GENIE.Platform%3DAndroid&amp;hl=fr\" target=\"_blank\" rel=\"noreferrer noopener\">Param\u00e8tres des cookies dans Android<\/a><br>\u200b<\/li>\n<\/ul>\n\n\n\n<p>Om het gebruik van uw gegevens door Google Analytics op alle websites te weigeren en te voorkomen, zie de volgende instructies:&nbsp;<a href=\"https:\/\/tools.google.com\/dlpage\/gaoptout?hl=fr\" target=\"_blank\" rel=\"noreferrer noopener\"><\/a><a href=\"https:\/\/tools.google.com\/dlpage\/gaoptout?hl=fr\" target=\"_blank\" rel=\"noreferrer noopener\">https:\/\/tools.google.com\/dlpage\/gaoptout?hl=fr<\/a>.<\/p>\n\n\n\n<p>\u200b<\/p>\n\n\n\n<p>We kunnen dit cookiebeleid wijzigen. We raden u aan deze pagina regelmatig te bekijken voor de laatste informatie over cookies.<\/p>","protected":false},"excerpt":{"rendered":"<p>1. Qu&rsquo;est-ce qu&rsquo;un cookie ? \u200bUn cookie est un petit fichier constitu\u00e9 de lettres et de chiffres et t\u00e9l\u00e9charg\u00e9 sur votre ordinateur lorsque vous acc\u00e9dez \u00e0 certains sites web. En g\u00e9n\u00e9ral, les cookies permettent \u00e0 un site web de reconna\u00eetre l&rsquo;ordinateur de l\u2019utilisateur.\u200bLa chose la plus importante \u00e0 savoir sur les cookies que nous pla\u00e7ons [&hellip;]<\/p>","protected":false},"author":1,"featured_media":0,"parent":0,"menu_order":0,"comment_status":"closed","ping_status":"closed","template":"default.php","meta":{"content-type":"","footnotes":""},"class_list":["post-72","page","type-page","status-publish","hentry"],"acf":[],"yoast_head":"<!-- This site is optimized with the Yoast SEO Premium plugin v21.7 (Yoast SEO v22.5) - https:\/\/yoast.com\/wordpress\/plugins\/seo\/ -->\n<title>Politique en mati\u00e8re de cookies - Hospitality Talents<\/title>\n<meta name=\"description\" content=\"D\u00e9couvrez notre utilisation des cookies sur Hospitality Talents. Obtenez des informations sur la fa\u00e7on dont nous les utilisons pour am\u00e9liorer votre exp\u00e9rience sur notre site, personnaliser le contenu et analyser le trafic.\" \/>\n<meta name=\"robots\" content=\"index, follow, max-snippet:-1, max-image-preview:large, max-video-preview:-1\" \/>\n<link rel=\"canonical\" href=\"https:\/\/www.hospitality-talents.eu\/nl\/cookie-notice\/\" \/>\n<meta name=\"twitter:label1\" content=\"Geschatte leestijd\" \/>\n\t<meta name=\"twitter:data1\" content=\"2 minuten\" \/>\n<script type=\"application\/ld+json\" class=\"yoast-schema-graph\">{\"@context\":\"https:\/\/schema.org\",\"@graph\":[{\"@type\":\"WebPage\",\"@id\":\"https:\/\/www.hospitality-talents.eu\/cookie-notice\/\",\"url\":\"https:\/\/www.hospitality-talents.eu\/cookie-notice\/\",\"name\":\"Politique en mati\u00e8re de cookies - Hospitality Talents\",\"isPartOf\":{\"@id\":\"https:\/\/www.hospitality-talents.eu\/#website\"},\"datePublished\":\"2023-07-11T13:29:56+00:00\",\"dateModified\":\"2023-08-02T11:08:02+00:00\",\"description\":\"D\u00e9couvrez notre utilisation des cookies sur Hospitality Talents. Obtenez des informations sur la fa\u00e7on dont nous les utilisons pour am\u00e9liorer votre exp\u00e9rience sur notre site, personnaliser le contenu et analyser le trafic.\",\"breadcrumb\":{\"@id\":\"https:\/\/www.hospitality-talents.eu\/cookie-notice\/#breadcrumb\"},\"inLanguage\":\"nl-NL\",\"potentialAction\":[{\"@type\":\"ReadAction\",\"target\":[\"https:\/\/www.hospitality-talents.eu\/cookie-notice\/\"]}]},{\"@type\":\"BreadcrumbList\",\"@id\":\"https:\/\/www.hospitality-talents.eu\/cookie-notice\/#breadcrumb\",\"itemListElement\":[{\"@type\":\"ListItem\",\"position\":1,\"name\":\"Home\",\"item\":\"https:\/\/www.hospitality-talents.eu\/\"},{\"@type\":\"ListItem\",\"position\":2,\"name\":\"Politique en mati\u00e8re de cookies\"}]},{\"@type\":\"WebSite\",\"@id\":\"https:\/\/www.hospitality-talents.eu\/#website\",\"url\":\"https:\/\/www.hospitality-talents.eu\/\",\"name\":\"Hospitality Talents\",\"description\":\"Hospitality Talents - Recruitment Agency\",\"publisher\":{\"@id\":\"https:\/\/www.hospitality-talents.eu\/#organization\"},\"potentialAction\":[{\"@type\":\"SearchAction\",\"target\":{\"@type\":\"EntryPoint\",\"urlTemplate\":\"https:\/\/www.hospitality-talents.eu\/?s={search_term_string}\"},\"query-input\":\"required name=search_term_string\"}],\"inLanguage\":\"nl-NL\"},{\"@type\":\"Organization\",\"@id\":\"https:\/\/www.hospitality-talents.eu\/#organization\",\"name\":\"Hospitality Talents\",\"url\":\"https:\/\/www.hospitality-talents.eu\/\",\"logo\":{\"@type\":\"ImageObject\",\"inLanguage\":\"nl-NL\",\"@id\":\"https:\/\/www.hospitality-talents.eu\/#\/schema\/logo\/image\/\",\"url\":\"https:\/\/www.hospitality-talents.eu\/wp-content\/uploads\/2023\/09\/Hospitality-Talents.jpg\",\"contentUrl\":\"https:\/\/www.hospitality-talents.eu\/wp-content\/uploads\/2023\/09\/Hospitality-Talents.jpg\",\"width\":397,\"height\":143,\"caption\":\"Hospitality Talents\"},\"image\":{\"@id\":\"https:\/\/www.hospitality-talents.eu\/#\/schema\/logo\/image\/\"},\"sameAs\":[\"https:\/\/www.linkedin.com\/company\/hospitality-talents-recruitment-agency\/\"],\"publishingPrinciples\":\"https:\/\/www.hospitality-talents.eu\/\"}]}<\/script>\n<!-- \/ Yoast SEO Premium plugin. -->","yoast_head_json":{"title":"Politique en mati\u00e8re de cookies - Hospitality Talents","description":"D\u00e9couvrez notre utilisation des cookies sur Hospitality Talents. Obtenez des informations sur la fa\u00e7on dont nous les utilisons pour am\u00e9liorer votre exp\u00e9rience sur notre site, personnaliser le contenu et analyser le trafic.","robots":{"index":"index","follow":"follow","max-snippet":"max-snippet:-1","max-image-preview":"max-image-preview:large","max-video-preview":"max-video-preview:-1"},"canonical":"https:\/\/www.hospitality-talents.eu\/nl\/cookie-notice\/","twitter_misc":{"Geschatte leestijd":"2 minuten"},"schema":{"@context":"https:\/\/schema.org","@graph":[{"@type":"WebPage","@id":"https:\/\/www.hospitality-talents.eu\/cookie-notice\/","url":"https:\/\/www.hospitality-talents.eu\/cookie-notice\/","name":"Politique en mati\u00e8re de cookies - Hospitality Talents","isPartOf":{"@id":"https:\/\/www.hospitality-talents.eu\/#website"},"datePublished":"2023-07-11T13:29:56+00:00","dateModified":"2023-08-02T11:08:02+00:00","description":"D\u00e9couvrez notre utilisation des cookies sur Hospitality Talents. Obtenez des informations sur la fa\u00e7on dont nous les utilisons pour am\u00e9liorer votre exp\u00e9rience sur notre site, personnaliser le contenu et analyser le trafic.","breadcrumb":{"@id":"https:\/\/www.hospitality-talents.eu\/cookie-notice\/#breadcrumb"},"inLanguage":"nl-NL","potentialAction":[{"@type":"ReadAction","target":["https:\/\/www.hospitality-talents.eu\/cookie-notice\/"]}]},{"@type":"BreadcrumbList","@id":"https:\/\/www.hospitality-talents.eu\/cookie-notice\/#breadcrumb","itemListElement":[{"@type":"ListItem","position":1,"name":"Home","item":"https:\/\/www.hospitality-talents.eu\/"},{"@type":"ListItem","position":2,"name":"Politique en mati\u00e8re de cookies"}]},{"@type":"WebSite","@id":"https:\/\/www.hospitality-talents.eu\/#website","url":"https:\/\/www.hospitality-talents.eu\/","name":"Hospitality Talents","description":"Hospitality Talents - Recruitment Agency","publisher":{"@id":"https:\/\/www.hospitality-talents.eu\/#organization"},"potentialAction":[{"@type":"SearchAction","target":{"@type":"EntryPoint","urlTemplate":"https:\/\/www.hospitality-talents.eu\/?s={search_term_string}"},"query-input":"required name=search_term_string"}],"inLanguage":"nl-NL"},{"@type":"Organization","@id":"https:\/\/www.hospitality-talents.eu\/#organization","name":"Hospitality Talents","url":"https:\/\/www.hospitality-talents.eu\/","logo":{"@type":"ImageObject","inLanguage":"nl-NL","@id":"https:\/\/www.hospitality-talents.eu\/#\/schema\/logo\/image\/","url":"https:\/\/www.hospitality-talents.eu\/wp-content\/uploads\/2023\/09\/Hospitality-Talents.jpg","contentUrl":"https:\/\/www.hospitality-talents.eu\/wp-content\/uploads\/2023\/09\/Hospitality-Talents.jpg","width":397,"height":143,"caption":"Hospitality Talents"},"image":{"@id":"https:\/\/www.hospitality-talents.eu\/#\/schema\/logo\/image\/"},"sameAs":["https:\/\/www.linkedin.com\/company\/hospitality-talents-recruitment-agency\/"],"publishingPrinciples":"https:\/\/www.hospitality-talents.eu\/"}]}},"_links":{"self":[{"href":"https:\/\/www.hospitality-talents.eu\/nl\/wp-json\/wp\/v2\/pages\/72","targetHints":{"allow":["GET"]}}],"collection":[{"href":"https:\/\/www.hospitality-talents.eu\/nl\/wp-json\/wp\/v2\/pages"}],"about":[{"href":"https:\/\/www.hospitality-talents.eu\/nl\/wp-json\/wp\/v2\/types\/page"}],"author":[{"embeddable":true,"href":"https:\/\/www.hospitality-talents.eu\/nl\/wp-json\/wp\/v2\/users\/1"}],"replies":[{"embeddable":true,"href":"https:\/\/www.hospitality-talents.eu\/nl\/wp-json\/wp\/v2\/comments?post=72"}],"version-history":[{"count":4,"href":"https:\/\/www.hospitality-talents.eu\/nl\/wp-json\/wp\/v2\/pages\/72\/revisions"}],"predecessor-version":[{"id":119,"href":"https:\/\/www.hospitality-talents.eu\/nl\/wp-json\/wp\/v2\/pages\/72\/revisions\/119"}],"wp:attachment":[{"href":"https:\/\/www.hospitality-talents.eu\/nl\/wp-json\/wp\/v2\/media?parent=72"}],"curies":[{"name":"wp","href":"https:\/\/api.w.org\/{rel}","templated":true}]}}