{"id":269,"date":"2024-02-12T14:49:41","date_gmt":"2024-02-12T13:49:41","guid":{"rendered":"https:\/\/www.hospitality-talents.eu\/?page_id=269"},"modified":"2026-02-12T17:08:19","modified_gmt":"2026-02-12T16:08:19","slug":"jobs","status":"publish","type":"page","link":"https:\/\/www.hospitality-talents.eu\/nl\/jobs\/","title":{"rendered":"Jobs"},"content":{"rendered":"","protected":false},"excerpt":{"rendered":"","protected":false},"author":1,"featured_media":0,"parent":0,"menu_order":0,"comment_status":"closed","ping_status":"closed","template":"jobs.php","meta":{"content-type":"","footnotes":""},"class_list":["post-269","page","type-page","status-publish","hentry"],"acf":[],"yoast_head":"<!-- This site is optimized with the Yoast SEO Premium plugin v21.7 (Yoast SEO v22.5) - https:\/\/yoast.com\/wordpress\/plugins\/seo\/ -->\n<title>Jobs - Hospitality Talents<\/title>\n<meta name=\"description\" content=\"Des offres d&#039;emplois dans l&#039;h\u00f4tellerie en Belgique. Une \u00e9quipe de recrutement sp\u00e9cialis\u00e9e dans l&#039;h\u00f4tellerie! www.hospitality-talents.eu\" \/>\n<meta name=\"robots\" content=\"index, follow, max-snippet:-1, max-image-preview:large, max-video-preview:-1\" \/>\n<link rel=\"canonical\" href=\"https:\/\/www.hospitality-talents.eu\/nl\/jobs\/\" \/>\n<script type=\"application\/ld+json\" class=\"yoast-schema-graph\">{\"@context\":\"https:\/\/schema.org\",\"@graph\":[{\"@type\":\"WebPage\",\"@id\":\"https:\/\/www.hospitality-talents.eu\/jobs\/\",\"url\":\"https:\/\/www.hospitality-talents.eu\/jobs\/\",\"name\":\"Jobs - Hospitality Talents\",\"isPartOf\":{\"@id\":\"https:\/\/www.hospitality-talents.eu\/#website\"},\"datePublished\":\"2024-02-12T13:49:41+00:00\",\"dateModified\":\"2026-02-12T16:08:19+00:00\",\"description\":\"Des offres d'emplois dans l'h\u00f4tellerie en Belgique. Une \u00e9quipe de recrutement sp\u00e9cialis\u00e9e dans l'h\u00f4tellerie! www.hospitality-talents.eu\",\"breadcrumb\":{\"@id\":\"https:\/\/www.hospitality-talents.eu\/jobs\/#breadcrumb\"},\"inLanguage\":\"nl-NL\",\"potentialAction\":[{\"@type\":\"ReadAction\",\"target\":[\"https:\/\/www.hospitality-talents.eu\/jobs\/\"]}]},{\"@type\":\"BreadcrumbList\",\"@id\":\"https:\/\/www.hospitality-talents.eu\/jobs\/#breadcrumb\",\"itemListElement\":[{\"@type\":\"ListItem\",\"position\":1,\"name\":\"Home\",\"item\":\"https:\/\/www.hospitality-talents.eu\/\"},{\"@type\":\"ListItem\",\"position\":2,\"name\":\"Jobs\"}]},{\"@type\":\"WebSite\",\"@id\":\"https:\/\/www.hospitality-talents.eu\/#website\",\"url\":\"https:\/\/www.hospitality-talents.eu\/\",\"name\":\"Hospitality Talents\",\"description\":\"Hospitality Talents - Recruitment Agency\",\"publisher\":{\"@id\":\"https:\/\/www.hospitality-talents.eu\/#organization\"},\"potentialAction\":[{\"@type\":\"SearchAction\",\"target\":{\"@type\":\"EntryPoint\",\"urlTemplate\":\"https:\/\/www.hospitality-talents.eu\/?s={search_term_string}\"},\"query-input\":\"required name=search_term_string\"}],\"inLanguage\":\"nl-NL\"},{\"@type\":\"Organization\",\"@id\":\"https:\/\/www.hospitality-talents.eu\/#organization\",\"name\":\"Hospitality Talents\",\"url\":\"https:\/\/www.hospitality-talents.eu\/\",\"logo\":{\"@type\":\"ImageObject\",\"inLanguage\":\"nl-NL\",\"@id\":\"https:\/\/www.hospitality-talents.eu\/#\/schema\/logo\/image\/\",\"url\":\"https:\/\/www.hospitality-talents.eu\/wp-content\/uploads\/2023\/09\/Hospitality-Talents.jpg\",\"contentUrl\":\"https:\/\/www.hospitality-talents.eu\/wp-content\/uploads\/2023\/09\/Hospitality-Talents.jpg\",\"width\":397,\"height\":143,\"caption\":\"Hospitality Talents\"},\"image\":{\"@id\":\"https:\/\/www.hospitality-talents.eu\/#\/schema\/logo\/image\/\"},\"sameAs\":[\"https:\/\/www.linkedin.com\/company\/hospitality-talents-recruitment-agency\/\"],\"publishingPrinciples\":\"https:\/\/www.hospitality-talents.eu\/\"}]}<\/script>\n<!-- \/ Yoast SEO Premium plugin. -->","yoast_head_json":{"title":"Jobs - Hospitality Talents","description":"Des offres d'emplois dans l'h\u00f4tellerie en Belgique. Une \u00e9quipe de recrutement sp\u00e9cialis\u00e9e dans l'h\u00f4tellerie! www.hospitality-talents.eu","robots":{"index":"index","follow":"follow","max-snippet":"max-snippet:-1","max-image-preview":"max-image-preview:large","max-video-preview":"max-video-preview:-1"},"canonical":"https:\/\/www.hospitality-talents.eu\/nl\/jobs\/","schema":{"@context":"https:\/\/schema.org","@graph":[{"@type":"WebPage","@id":"https:\/\/www.hospitality-talents.eu\/jobs\/","url":"https:\/\/www.hospitality-talents.eu\/jobs\/","name":"Jobs - Hospitality Talents","isPartOf":{"@id":"https:\/\/www.hospitality-talents.eu\/#website"},"datePublished":"2024-02-12T13:49:41+00:00","dateModified":"2026-02-12T16:08:19+00:00","description":"Des offres d'emplois dans l'h\u00f4tellerie en Belgique. Une \u00e9quipe de recrutement sp\u00e9cialis\u00e9e dans l'h\u00f4tellerie! www.hospitality-talents.eu","breadcrumb":{"@id":"https:\/\/www.hospitality-talents.eu\/jobs\/#breadcrumb"},"inLanguage":"nl-NL","potentialAction":[{"@type":"ReadAction","target":["https:\/\/www.hospitality-talents.eu\/jobs\/"]}]},{"@type":"BreadcrumbList","@id":"https:\/\/www.hospitality-talents.eu\/jobs\/#breadcrumb","itemListElement":[{"@type":"ListItem","position":1,"name":"Home","item":"https:\/\/www.hospitality-talents.eu\/"},{"@type":"ListItem","position":2,"name":"Jobs"}]},{"@type":"WebSite","@id":"https:\/\/www.hospitality-talents.eu\/#website","url":"https:\/\/www.hospitality-talents.eu\/","name":"Hospitality Talents","description":"Hospitality Talents - Recruitment Agency","publisher":{"@id":"https:\/\/www.hospitality-talents.eu\/#organization"},"potentialAction":[{"@type":"SearchAction","target":{"@type":"EntryPoint","urlTemplate":"https:\/\/www.hospitality-talents.eu\/?s={search_term_string}"},"query-input":"required name=search_term_string"}],"inLanguage":"nl-NL"},{"@type":"Organization","@id":"https:\/\/www.hospitality-talents.eu\/#organization","name":"Hospitality Talents","url":"https:\/\/www.hospitality-talents.eu\/","logo":{"@type":"ImageObject","inLanguage":"nl-NL","@id":"https:\/\/www.hospitality-talents.eu\/#\/schema\/logo\/image\/","url":"https:\/\/www.hospitality-talents.eu\/wp-content\/uploads\/2023\/09\/Hospitality-Talents.jpg","contentUrl":"https:\/\/www.hospitality-talents.eu\/wp-content\/uploads\/2023\/09\/Hospitality-Talents.jpg","width":397,"height":143,"caption":"Hospitality Talents"},"image":{"@id":"https:\/\/www.hospitality-talents.eu\/#\/schema\/logo\/image\/"},"sameAs":["https:\/\/www.linkedin.com\/company\/hospitality-talents-recruitment-agency\/"],"publishingPrinciples":"https:\/\/www.hospitality-talents.eu\/"}]}},"_links":{"self":[{"href":"https:\/\/www.hospitality-talents.eu\/nl\/wp-json\/wp\/v2\/pages\/269","targetHints":{"allow":["GET"]}}],"collection":[{"href":"https:\/\/www.hospitality-talents.eu\/nl\/wp-json\/wp\/v2\/pages"}],"about":[{"href":"https:\/\/www.hospitality-talents.eu\/nl\/wp-json\/wp\/v2\/types\/page"}],"author":[{"embeddable":true,"href":"https:\/\/www.hospitality-talents.eu\/nl\/wp-json\/wp\/v2\/users\/1"}],"replies":[{"embeddable":true,"href":"https:\/\/www.hospitality-talents.eu\/nl\/wp-json\/wp\/v2\/comments?post=269"}],"version-history":[{"count":8,"href":"https:\/\/www.hospitality-talents.eu\/nl\/wp-json\/wp\/v2\/pages\/269\/revisions"}],"predecessor-version":[{"id":2099,"href":"https:\/\/www.hospitality-talents.eu\/nl\/wp-json\/wp\/v2\/pages\/269\/revisions\/2099"}],"wp:attachment":[{"href":"https:\/\/www.hospitality-talents.eu\/nl\/wp-json\/wp\/v2\/media?parent=269"}],"curies":[{"name":"wp","href":"https:\/\/api.w.org\/{rel}","templated":true}]}}