{"id":70,"date":"2023-07-11T15:29:04","date_gmt":"2023-07-11T13:29:04","guid":{"rendered":"https:\/\/www.hospitality-talents.eu\/?page_id=70"},"modified":"2024-06-18T12:43:20","modified_gmt":"2024-06-18T10:43:20","slug":"legal-notice","status":"publish","type":"page","link":"https:\/\/www.hospitality-talents.eu\/fr\/legal-notice\/","title":{"rendered":"Mentions l\u00e9gales"},"content":{"rendered":"\n<p>Merci de votre visite sur les sites d&rsquo;<strong>HorecAsssit<\/strong>,&nbsp;<a href=\"https:\/\/otombeur.wixsite.com\/hospitality-talents\">www.horecassist.com<\/a>, <a href=\"http:\/\/www.hospitality-talents.eu\" target=\"_blank\" rel=\"noreferrer noopener\">www.hospitality-talents.eu<\/a>&nbsp;et&nbsp;<a href=\"https:\/\/www.hospitality-jobs.eu\/?lang=fr\" target=\"_blank\" rel=\"noreferrer noopener\">www.hospitality-jobs.eu<\/a><\/p>\n\n\n\n<p>Vous trouverez ci-dessous notre politique en mati\u00e8re de traitement de donn\u00e9es personnelles. En visitant nos site vous acceptez tacitement nos Termes &amp; Conditions.<\/p>\n\n\n\n<p>Les sites\u00a0<a href=\"https:\/\/otombeur.wixsite.com\/hospitality-talents\"><a href=\"http:\/\/www.hospitality-talents.eu\/\" target=\"_blank\" rel=\"noreferrer noopener\">www.hospitality-talents.eu<\/a><\/a>\u00a0et\u00a0<a href=\"https:\/\/www.hospitality-jobs.eu\/?lang=fr\" target=\"_blank\" rel=\"noreferrer noopener\">www.hospitality-jobs.eu<\/a>\u00a0sont destin\u00e9s \u00e0 la recherche d&#8217;emploi pour les candidats et \u00e0 la recherche de candidats pour les employeurs.\u00a0<\/p>\n\n\n\n<p>\u200bToutes donn\u00e9es personnelles et\/ou confidentielles des candidats, sont trait\u00e9es avec la plus grande discr\u00e9tion, dans le respect de la l\u00e9gislation (RGPD) et ne seront jamais partag\u00e9es avec des tiers sans le consentement explicite du candidat.<\/p>\n\n\n\n<p class=\"has-text-color\" style=\"color:#ba4a1f\"><strong>Informations G\u00e9n\u00e9rales<\/strong><\/p>\n\n\n\n<ul class=\"wp-block-list\">\n<li><strong>D\u00e9nomination sociale&nbsp;<\/strong>: HorecAssist SRL<\/li>\n\n\n\n<li><strong>Adresse&nbsp;<\/strong>: Avenue Louise 143 Box 4 in 1050 Brussels, Belgium<\/li>\n\n\n\n<li><strong>Administrateur&nbsp;<\/strong>: Olivier Tombeur<\/li>\n\n\n\n<li><strong>T\u00e9l\u00e9phone\u00a0<\/strong>: +32 2 887 69 26<\/li>\n\n\n\n<li><strong>E-mail <\/strong>:<a href=\"mailto:info@horecassist.be\">info@horecassist.be<\/a><\/li>\n\n\n\n<li><strong>Num\u00e9ro d&rsquo;entreprise&nbsp;<\/strong>: 0786.418.887<\/li>\n\n\n\n<li><strong>Num\u00e9ro de TVA&nbsp;<\/strong>: BE 0786.418.887&nbsp;<\/li>\n\n\n\n<li><strong>Statu l\u00e9gal<\/strong>: SRL<\/li>\n\n\n\n<li>Enregistr\u00e9 en R\u00e9gion de Bruxelles-Capitale sous le num\u00e9ro&nbsp;: <strong>20441-405-20240611<\/strong><\/li>\n<\/ul>\n\n\n\n<p class=\"has-text-color\" style=\"color:#ba4a1f\"><strong>Copyright:<\/strong><\/p>\n\n\n\n<p>HorecAssist SRL<\/p>\n\n\n\n<p class=\"has-text-color\" style=\"color:#ba4a1f\"><strong>Droit applicable<\/strong> :<\/p>\n\n\n\n<p>Les sites Internet&nbsp;<a href=\"https:\/\/otombeur.wixsite.com\/hospitality-talents\">www.horecassist.com<\/a>, <a href=\"http:\/\/www.hospitality-talents.eu\/\" target=\"_blank\" rel=\"noreferrer noopener\">www.hospitality-talents.eu<\/a>&nbsp;et&nbsp;<a href=\"https:\/\/www.hospitality-jobs.eu\/?lang=fr\" target=\"_blank\" rel=\"noreferrer noopener\">www.hospitality-jobs.eu<\/a>&nbsp;les pr\u00e9sentes conditions g\u00e9n\u00e9rales sont soumises au droit belge et sont r\u00e9dig\u00e9es en fran\u00e7ais.<\/p>\n\n\n\n<p>HorecAssist SRL se r\u00e9serve le droit de modifier les pr\u00e9sentes mentions \u00e0 tout moment. L\u2019utilisateur s\u2019engage \u00e0 la consulter r\u00e9guli\u00e8rement.<\/p>\n\n\n\n<p class=\"has-text-color\" style=\"color:#ba4a1f\"><strong>Protection des donn\u00e9es personnelles :<\/strong><\/p>\n\n\n\n<p>HorecAssist SRL s\u2019engage \u00e0 respecter la priv\u00e9e et \u00e0 prot\u00e9ger les informations qui lui sont fournies, comme, les donn\u00e9es personnelles collect\u00e9es sur le site Internet via le bouton \u00ab\u00a0login\u00a0\u00bb et l&rsquo;inscription \u00e0 nos newsletters. Elles sont confidentielles et trait\u00e9es comme telles et dans le respect du r\u00e8glement (UE) 2016\/679 du Parlement europ\u00e9en et du Conseil du 27 avril 2016, relatif \u00e0 la protection des personnes physiques \u00e0 l&rsquo;\u00e9gard du traitement des donn\u00e9es \u00e0 caract\u00e8re personnel et \u00e0 la libre circulation de ces donn\u00e9es, et abrogeant la directive 95\/46\/CE (r\u00e8glement g\u00e9n\u00e9ral sur la protection des donn\u00e9es).<\/p>\n\n\n\n<p>Nous ne collectons pas de donn\u00e9es priv\u00e9es, ni de cookies, pendant votre navigation sur nos sites.<\/p>\n\n\n\n<p class=\"has-text-color\" style=\"color:#ba4a1f\"><strong>Securit\u00e9 :<\/strong><\/p>\n\n\n\n<p>Nous prenons toutes les pr\u00e9cautions d&rsquo;usage afin de prot\u00e9ger l\u2019int\u00e9grit\u00e9 des donn\u00e9es, leur confidentialit\u00e9 et emp\u00eacher toute transmission \u00e0 des tiers non autoris\u00e9s.<\/p>\n\n\n\n<p class=\"has-text-color\" style=\"color:#ba4a1f\"><strong>Droits de propri\u00e9t\u00e9 intellectuelle :<\/strong><\/p>\n\n\n\n<p>De nombreux \u00e9l\u00e9ments de ce site:<br>a) sont prot\u00e9g\u00e9s par des droits d\u2019auteurs ;<br>b) et\/ou sont prot\u00e9g\u00e9s par la l\u00e9gislation sur les dessins et mod\u00e8les ;<br>c) sont prot\u00e9g\u00e9s par la l\u00e9gislation sur les marques.<\/p>\n\n\n\n<p>Les \u00e9l\u00e9ments ainsi prot\u00e9g\u00e9s sont la propri\u00e9t\u00e9 de HorecAssist SRL ou de tiers ayant autoris\u00e9 HorecAssist SRL \u00e0 les utiliser.<\/p>\n\n\n\n<p>Toute reproduction, repr\u00e9sentation, utilisation, adaptation, modification, incorporation, traduction, commercialisation, partielles ou int\u00e9grales par quelque proc\u00e9d\u00e9 et sur quelque support que ce soit (papier, num\u00e9rique, \u2026) sont interdites, sans l\u2019autorisation \u00e9crite pr\u00e9alable de HorecAssist SRL.<\/p>\n\n\n\n<p class=\"has-text-color\" style=\"color:#ba4a1f\"><strong>Informations relatives aux produits :<\/strong><\/p>\n\n\n\n<p>Dans le cadre d\u2019une politique d\u2019am\u00e9lioration constante de ses produits et services, HorecAssist SRL peut modifier \u00e0 tout moment les caract\u00e9ristiques de son offre. Les produits et\/ou services pr\u00e9sent\u00e9s sur ce site sont ceux distribu\u00e9s en Belgique et \u00e0 l&rsquo;\u00e9tranger.<\/p>\n\n\n\n<p>En tout \u00e9tat de cause, les informations contenues sur ce site sont des informations \u00e0 caract\u00e8re g\u00e9n\u00e9ral et n\u2019ont pas valeur contractuelle.<\/p>\n\n\n\n<p class=\"has-text-color\" style=\"color:#ba4a1f\"><strong>Limitation de responsabilit\u00e9 :<\/strong><\/p>\n\n\n\n<p>Vous utilisez les sites&nbsp;<a href=\"https:\/\/otombeur.wixsite.com\/hospitality-talents\">www.horecassist.com<\/a>, <a href=\"http:\/\/www.hospitality-talents.eu\/\" target=\"_blank\" rel=\"noreferrer noopener\">www.hospitality-talents.eu<\/a>&nbsp;et&nbsp;<a href=\"https:\/\/www.hospitality-jobs.eu\/?lang=fr\" target=\"_blank\" rel=\"noreferrer noopener\">www.hospitality-jobs.eu<\/a>&nbsp;sous votre seule et enti\u00e8re responsabilit\u00e9. HorecAssist SRL ne pourra \u00eatre tenu pour responsable des dommages directs ou indirects, tels que, notamment, pr\u00e9judice mat\u00e9riel, pertes de donn\u00e9es ou de programme, pr\u00e9judice financier, r\u00e9sultant de l\u2019utilisation de ce site ou de sites qui lui sont li\u00e9s.<\/p>\n\n\n\n<p class=\"has-text-color\" style=\"color:#ba4a1f\"><strong>Mise \u00e0 jour :<\/strong><\/p>\n\n\n\n<p>HorecAssist SRL se r\u00e9serve le droit de modifier et de mettre \u00e0 jour, sans pr\u00e9avis, les pr\u00e9sentes mentions l\u00e9gales et tous les \u00e9l\u00e9ments, produits pr\u00e9sent\u00e9s sur le site. L\u2019ensemble de ces modifications s\u2019impose aux internautes qui doivent consulter les pr\u00e9sentes Conditions G\u00e9n\u00e9rales lors de chaque connexion.<\/p>\n\n\n\n<p class=\"has-text-color\" style=\"color:#ba4a1f\"><strong>Donn\u00e9es statistiques de suivi :<\/strong><\/p>\n\n\n\n<p>Nous utilisons les donn\u00e9es de navigations (google analytics) pour nos statistiques de consultation (type de navigateur, nombre de visiteurs, rubriques visit\u00e9es\u2026) pour l\u2019optimisation de notre site en terme de rubriques et de navigation, mais ces informations ne sont pas transmises \u00e0 des tiers.<\/p>\n\n\n\n<p class=\"has-text-color\" style=\"color:#ba4a1f\"><strong>La reproduction sur support papier :<\/strong><\/p>\n\n\n\n<p>A l\u2019exception de l\u2019iconographie, la reproduction des pages de ce site sur un support papier est autoris\u00e9e, sous r\u00e9serve du respect des trois conditions suivantes :<\/p>\n\n\n\n<ul class=\"wp-block-list\">\n<li>gratuit\u00e9 de la diffusion.<\/li>\n\n\n\n<li>respect de l\u2019int\u00e9grit\u00e9 des documents reproduits (aucune modification, ni alt\u00e9ration d\u2019aucune sorte).<\/li>\n<\/ul>\n\n\n\n<p>La Commission europ\u00e9enne fournit une plateforme de r\u00e8glement des litiges en ligne (OS). Cette plateforme est disponible \u00e0 l&rsquo;adresse\u00a0<a href=\"https:\/\/ec.europa.eu\/consumers\/odr\/main\/index.cfm?event=main.home.chooseLanguage\" target=\"_blank\" rel=\"noreferrer noopener\">http:\/\/ec.europa.eu\/consumers\/odr\/<\/a>. En tant que client, vous avez toujours la possibilit\u00e9 de contacter le conseil d&rsquo;arbitrage de la Commission europ\u00e9enne. Nous ne sommes ni dispos\u00e9s \u00e0, ni oblig\u00e9s de, participer \u00e0 une proc\u00e9dure de r\u00e8glement des litiges devant un conseil d&rsquo;arbitrage de la consommation.<\/p>\n\n\n\n<p class=\"has-text-color\" style=\"color:#ba4a1f\"><strong>Exercer vos droits<\/strong><\/p>\n\n\n\n<p>Pour exercer vos droits, ou pour retirer votre consentement au traitement, ou pour vous d\u00e9sinscrire de la r\u00e9ception de communications marketing de notre part, vous pouvez:\u200b<\/p>\n\n\n\n<ul class=\"wp-block-list\">\n<li>Nous \u00e9crire \u00e0 l\u2019adresse\u00a0<a href=\"mailto:info@horecassist.be\">info@horecassist.be<\/a>\u00a0, ou<\/li>\n\n\n\n<li>nous \u00e9crire ou \u00e9crire \u00e0 l\u2019adresse suivante<\/li>\n<\/ul>\n\n\n\n<p><strong>HorecAssist SRL<\/strong><\/p>\n\n\n\n<p>Avenue Louise 143 box 4<\/p>\n\n\n\n<p>1050 Brussels<\/p>\n\n\n\n<p>Belgium<\/p>\n\n\n\n<p class=\"has-text-color\" style=\"color:#ba4a1f\"><em>Questions et r\u00e9clamations<\/em><\/p>\n\n\n\n<p>Si vous avez des questions concernant notre politique de confidentialit\u00e9 ou sur le traitement des donn\u00e9es \u00e0 caract\u00e8re personnel vous concernant, ou si vous souhaitez d\u00e9poser une r\u00e9clamation, vous pouvez nous envoyer un courriel.<\/p>\n\n\n\n<p>Si vous avez des pr\u00e9occupations non r\u00e9solues, ou si vous pensez qu\u2019une violation des donn\u00e9es \u00e0 caract\u00e8re personnel s\u2019est produite, vous avez le droit d\u2019effectuer une r\u00e9clamation aupr\u00e8s de l\u2019autorit\u00e9 de contr\u00f4le comp\u00e9tente. Une liste des autorit\u00e9s comp\u00e9tentes dans l\u2019EEE peut \u00eatre consult\u00e9e&nbsp;<a href=\"https:\/\/ec.europa.eu\/justice\/article-29\/structure\/data-protection-authorities\/index_en.htm\" target=\"_blank\" rel=\"noreferrer noopener\">ici<\/a>.<\/p>\n\n\n\n<p class=\"has-text-color\" style=\"color:#ba4a1f\"><strong>Droits et Obligation des travailleurs et des chercheurs d\u2019emploi en R\u00e9gion de Bruxelles-Capitale.<\/strong><\/p>\n\n\n\n<p class=\"has-text-color\" style=\"color:#ba4a1f\"><em>D\u00e9poser plainte<\/em><\/p>\n\n\n\n<p>Le service repris ci-apr\u00e8s est charg\u00e9 du contr\u00f4le et du surveillance de l\u2019ordonnance du 14 juillet 2011 relative \u00e0 la gestion mixte du march\u00e9 de l\u2019emploi dans la R\u00e9gion de Bruxelles-Capitale et de ses arr\u00eat\u00e9s d\u2019ex\u00e9cution. Des plaintes peuvent \u00eatre port\u00e9es \u00e0 la connaissance de :<br><em>Bruxelles Economie et Emploi Direction de l\u2019Inspection r\u00e9gionale de l\u2019Emploi<br>Place Saint-Lazare 2<br>1035 Bruxelles<\/em><br>\uf0b7 par \u00e9crit<br>\uf0b7 par t\u00e9l\u00e9phone : 02 800 35 00<br>\uf0b7 par fax : 02 800 38 07<br>\uf0b7 par courrier \u00e9lectronique : ire@sprb.irisnet.be<br>A peine d\u2019irrecevabilit\u00e9, la plainte doit \u00eatre motiv\u00e9e et clairement indiquer de quelle \u00e9ventuelle infraction il s\u2019agirait. Une plainte anonyme sera d\u00e9clar\u00e9e irrecevable. Seules les plaintes nominatives seront trait\u00e9es. L\u2019anonymat du plaignant est garanti.<\/p>\n\n\n\n<p class=\"has-text-color\" style=\"color:#ba4a1f\"><em>Se faire aider en cas de discrimination<\/em><\/p>\n\n\n\n<p>Pour lutter contre la discrimination \u00e0 l\u2019embauche, ACTIRIS a ouvert un service sp\u00e9cialis\u00e9 dans l\u2019accueil, l\u2019aide et l\u2019accompagnement des personnes qui s\u2019estiment victimes de discrimination. Il s\u2019agit d\u2019une collaboration avec le Centre pour l\u2019\u00e9galit\u00e9 des chances et la lutte contre le racisme.<br><em>Guichet d\u2019information sur la discrimination \u00e0 l\u2019embauche<br>Antenne ACTIRIS Bruxelles<br>Boulevard d\u2019Anvers, 26<br>1000 Bruxelles<\/em><br>infodiscrimination@actiris.be<br>Lundi, mardi, mercredi et vendredi de 8h30 \u00e0 12h15 : acc\u00e8s libre.<br>Lundi, mardi, mercredi et vendredi apr\u00e8s-midi : sur rendez-vous (t\u00e9l 02 505 78 78).<\/p>\n","protected":false},"excerpt":{"rendered":"<p>Merci de votre visite sur les sites d&rsquo;HorecAsssit,&nbsp;www.horecassist.com, www.hospitality-talents.eu&nbsp;et&nbsp;www.hospitality-jobs.eu Vous trouverez ci-dessous notre politique en mati\u00e8re de traitement de donn\u00e9es personnelles. En visitant nos site vous acceptez tacitement nos Termes &amp; Conditions. Les sites\u00a0www.hospitality-talents.eu\u00a0et\u00a0www.hospitality-jobs.eu\u00a0sont destin\u00e9s \u00e0 la recherche d&#8217;emploi pour les candidats et \u00e0 la recherche de candidats pour les employeurs.\u00a0 \u200bToutes donn\u00e9es personnelles et\/ou [&hellip;]<\/p>\n","protected":false},"author":1,"featured_media":0,"parent":0,"menu_order":0,"comment_status":"closed","ping_status":"closed","template":"default.php","meta":{"content-type":"","footnotes":""},"class_list":["post-70","page","type-page","status-publish","hentry"],"acf":[],"yoast_head":"<!-- This site is optimized with the Yoast SEO Premium plugin v21.7 (Yoast SEO v22.5) - https:\/\/yoast.com\/wordpress\/plugins\/seo\/ -->\n<title>Mentions l\u00e9gales - Hospitality Talents<\/title>\n<meta name=\"description\" content=\"Consultez nos mentions l\u00e9gales pour en savoir plus sur les informations juridiques concernant Hospitality Talents. D\u00e9couvrez les d\u00e9tails importants concernant la propri\u00e9t\u00e9 du site, la protection des donn\u00e9es et nos conditions d&#039;utilisation. Soyez inform\u00e9 et en confiance avec notre politique l\u00e9gale transparente.\" \/>\n<meta name=\"robots\" content=\"index, follow, max-snippet:-1, max-image-preview:large, max-video-preview:-1\" \/>\n<link rel=\"canonical\" href=\"https:\/\/www.hospitality-talents.eu\/fr\/legal-notice\/\" \/>\n<meta name=\"twitter:label1\" content=\"Dur\u00e9e de lecture estim\u00e9e\" \/>\n\t<meta name=\"twitter:data1\" content=\"6 minutes\" \/>\n<script type=\"application\/ld+json\" class=\"yoast-schema-graph\">{\"@context\":\"https:\/\/schema.org\",\"@graph\":[{\"@type\":\"WebPage\",\"@id\":\"https:\/\/www.hospitality-talents.eu\/legal-notice\/\",\"url\":\"https:\/\/www.hospitality-talents.eu\/legal-notice\/\",\"name\":\"Mentions l\u00e9gales - Hospitality Talents\",\"isPartOf\":{\"@id\":\"https:\/\/www.hospitality-talents.eu\/#website\"},\"datePublished\":\"2023-07-11T13:29:04+00:00\",\"dateModified\":\"2024-06-18T10:43:20+00:00\",\"description\":\"Consultez nos mentions l\u00e9gales pour en savoir plus sur les informations juridiques concernant Hospitality Talents. D\u00e9couvrez les d\u00e9tails importants concernant la propri\u00e9t\u00e9 du site, la protection des donn\u00e9es et nos conditions d'utilisation. Soyez inform\u00e9 et en confiance avec notre politique l\u00e9gale transparente.\",\"breadcrumb\":{\"@id\":\"https:\/\/www.hospitality-talents.eu\/legal-notice\/#breadcrumb\"},\"inLanguage\":\"fr-FR\",\"potentialAction\":[{\"@type\":\"ReadAction\",\"target\":[\"https:\/\/www.hospitality-talents.eu\/legal-notice\/\"]}]},{\"@type\":\"BreadcrumbList\",\"@id\":\"https:\/\/www.hospitality-talents.eu\/legal-notice\/#breadcrumb\",\"itemListElement\":[{\"@type\":\"ListItem\",\"position\":1,\"name\":\"Home\",\"item\":\"https:\/\/www.hospitality-talents.eu\/\"},{\"@type\":\"ListItem\",\"position\":2,\"name\":\"Mentions l\u00e9gales\"}]},{\"@type\":\"WebSite\",\"@id\":\"https:\/\/www.hospitality-talents.eu\/#website\",\"url\":\"https:\/\/www.hospitality-talents.eu\/\",\"name\":\"Hospitality Talents\",\"description\":\"Hospitality Talents - Recruitment Agency\",\"publisher\":{\"@id\":\"https:\/\/www.hospitality-talents.eu\/#organization\"},\"potentialAction\":[{\"@type\":\"SearchAction\",\"target\":{\"@type\":\"EntryPoint\",\"urlTemplate\":\"https:\/\/www.hospitality-talents.eu\/?s={search_term_string}\"},\"query-input\":\"required name=search_term_string\"}],\"inLanguage\":\"fr-FR\"},{\"@type\":\"Organization\",\"@id\":\"https:\/\/www.hospitality-talents.eu\/#organization\",\"name\":\"Hospitality Talents\",\"url\":\"https:\/\/www.hospitality-talents.eu\/\",\"logo\":{\"@type\":\"ImageObject\",\"inLanguage\":\"fr-FR\",\"@id\":\"https:\/\/www.hospitality-talents.eu\/#\/schema\/logo\/image\/\",\"url\":\"https:\/\/www.hospitality-talents.eu\/wp-content\/uploads\/2023\/09\/Hospitality-Talents.jpg\",\"contentUrl\":\"https:\/\/www.hospitality-talents.eu\/wp-content\/uploads\/2023\/09\/Hospitality-Talents.jpg\",\"width\":397,\"height\":143,\"caption\":\"Hospitality Talents\"},\"image\":{\"@id\":\"https:\/\/www.hospitality-talents.eu\/#\/schema\/logo\/image\/\"},\"sameAs\":[\"https:\/\/www.linkedin.com\/company\/hospitality-talents-recruitment-agency\/\"],\"publishingPrinciples\":\"https:\/\/www.hospitality-talents.eu\/\"}]}<\/script>\n<!-- \/ Yoast SEO Premium plugin. -->","yoast_head_json":{"title":"Mentions l\u00e9gales - Hospitality Talents","description":"Consultez nos mentions l\u00e9gales pour en savoir plus sur les informations juridiques concernant Hospitality Talents. D\u00e9couvrez les d\u00e9tails importants concernant la propri\u00e9t\u00e9 du site, la protection des donn\u00e9es et nos conditions d'utilisation. Soyez inform\u00e9 et en confiance avec notre politique l\u00e9gale transparente.","robots":{"index":"index","follow":"follow","max-snippet":"max-snippet:-1","max-image-preview":"max-image-preview:large","max-video-preview":"max-video-preview:-1"},"canonical":"https:\/\/www.hospitality-talents.eu\/fr\/legal-notice\/","twitter_misc":{"Dur\u00e9e de lecture estim\u00e9e":"6 minutes"},"schema":{"@context":"https:\/\/schema.org","@graph":[{"@type":"WebPage","@id":"https:\/\/www.hospitality-talents.eu\/legal-notice\/","url":"https:\/\/www.hospitality-talents.eu\/legal-notice\/","name":"Mentions l\u00e9gales - Hospitality Talents","isPartOf":{"@id":"https:\/\/www.hospitality-talents.eu\/#website"},"datePublished":"2023-07-11T13:29:04+00:00","dateModified":"2024-06-18T10:43:20+00:00","description":"Consultez nos mentions l\u00e9gales pour en savoir plus sur les informations juridiques concernant Hospitality Talents. D\u00e9couvrez les d\u00e9tails importants concernant la propri\u00e9t\u00e9 du site, la protection des donn\u00e9es et nos conditions d'utilisation. Soyez inform\u00e9 et en confiance avec notre politique l\u00e9gale transparente.","breadcrumb":{"@id":"https:\/\/www.hospitality-talents.eu\/legal-notice\/#breadcrumb"},"inLanguage":"fr-FR","potentialAction":[{"@type":"ReadAction","target":["https:\/\/www.hospitality-talents.eu\/legal-notice\/"]}]},{"@type":"BreadcrumbList","@id":"https:\/\/www.hospitality-talents.eu\/legal-notice\/#breadcrumb","itemListElement":[{"@type":"ListItem","position":1,"name":"Home","item":"https:\/\/www.hospitality-talents.eu\/"},{"@type":"ListItem","position":2,"name":"Mentions l\u00e9gales"}]},{"@type":"WebSite","@id":"https:\/\/www.hospitality-talents.eu\/#website","url":"https:\/\/www.hospitality-talents.eu\/","name":"Hospitality Talents","description":"Hospitality Talents - Recruitment Agency","publisher":{"@id":"https:\/\/www.hospitality-talents.eu\/#organization"},"potentialAction":[{"@type":"SearchAction","target":{"@type":"EntryPoint","urlTemplate":"https:\/\/www.hospitality-talents.eu\/?s={search_term_string}"},"query-input":"required name=search_term_string"}],"inLanguage":"fr-FR"},{"@type":"Organization","@id":"https:\/\/www.hospitality-talents.eu\/#organization","name":"Hospitality Talents","url":"https:\/\/www.hospitality-talents.eu\/","logo":{"@type":"ImageObject","inLanguage":"fr-FR","@id":"https:\/\/www.hospitality-talents.eu\/#\/schema\/logo\/image\/","url":"https:\/\/www.hospitality-talents.eu\/wp-content\/uploads\/2023\/09\/Hospitality-Talents.jpg","contentUrl":"https:\/\/www.hospitality-talents.eu\/wp-content\/uploads\/2023\/09\/Hospitality-Talents.jpg","width":397,"height":143,"caption":"Hospitality Talents"},"image":{"@id":"https:\/\/www.hospitality-talents.eu\/#\/schema\/logo\/image\/"},"sameAs":["https:\/\/www.linkedin.com\/company\/hospitality-talents-recruitment-agency\/"],"publishingPrinciples":"https:\/\/www.hospitality-talents.eu\/"}]}},"_links":{"self":[{"href":"https:\/\/www.hospitality-talents.eu\/fr\/wp-json\/wp\/v2\/pages\/70","targetHints":{"allow":["GET"]}}],"collection":[{"href":"https:\/\/www.hospitality-talents.eu\/fr\/wp-json\/wp\/v2\/pages"}],"about":[{"href":"https:\/\/www.hospitality-talents.eu\/fr\/wp-json\/wp\/v2\/types\/page"}],"author":[{"embeddable":true,"href":"https:\/\/www.hospitality-talents.eu\/fr\/wp-json\/wp\/v2\/users\/1"}],"replies":[{"embeddable":true,"href":"https:\/\/www.hospitality-talents.eu\/fr\/wp-json\/wp\/v2\/comments?post=70"}],"version-history":[{"count":9,"href":"https:\/\/www.hospitality-talents.eu\/fr\/wp-json\/wp\/v2\/pages\/70\/revisions"}],"predecessor-version":[{"id":657,"href":"https:\/\/www.hospitality-talents.eu\/fr\/wp-json\/wp\/v2\/pages\/70\/revisions\/657"}],"wp:attachment":[{"href":"https:\/\/www.hospitality-talents.eu\/fr\/wp-json\/wp\/v2\/media?parent=70"}],"curies":[{"name":"wp","href":"https:\/\/api.w.org\/{rel}","templated":true}]}}