{"id":27,"date":"2023-06-28T14:44:00","date_gmt":"2023-06-28T12:44:00","guid":{"rendered":"https:\/\/www.the-amazing-company.be\/ext\/htalents\/?page_id=27"},"modified":"2024-09-13T10:46:47","modified_gmt":"2024-09-13T08:46:47","slug":"emploi-hotellerie","status":"publish","type":"page","link":"https:\/\/www.hospitality-talents.eu\/fr\/emploi-hotellerie\/","title":{"rendered":"Candidates"},"content":{"rendered":"","protected":false},"excerpt":{"rendered":"","protected":false},"author":1,"featured_media":0,"parent":0,"menu_order":0,"comment_status":"closed","ping_status":"closed","template":"candidats.php","meta":{"content-type":"","footnotes":""},"class_list":["post-27","page","type-page","status-publish","hentry"],"acf":[],"yoast_head":"<!-- This site is optimized with the Yoast SEO Premium plugin v21.7 (Yoast SEO v22.5) - https:\/\/yoast.com\/wordpress\/plugins\/seo\/ -->\n<title>Candidates - Hospitality Talents<\/title>\n<meta name=\"description\" content=\"Vous souhaitez \u00e9voluer dans le secteur de l&#039;h\u00f4tellerie? Notre agence de recrutement vous accompagne \u00e0 chaque \u00e9tape pour trouver le poste qui vous correspond - Hospitality Talents\" \/>\n<meta name=\"robots\" content=\"index, follow, max-snippet:-1, max-image-preview:large, max-video-preview:-1\" \/>\n<link rel=\"canonical\" href=\"https:\/\/www.hospitality-talents.eu\/fr\/emploi-hotellerie\/\" \/>\n<meta name=\"twitter:label1\" content=\"Dur\u00e9e de lecture estim\u00e9e\" \/>\n\t<meta name=\"twitter:data1\" content=\"1 minute\" \/>\n<script type=\"application\/ld+json\" class=\"yoast-schema-graph\">{\"@context\":\"https:\/\/schema.org\",\"@graph\":[{\"@type\":\"WebPage\",\"@id\":\"https:\/\/www.hospitality-talents.eu\/emploi-hotellerie\/\",\"url\":\"https:\/\/www.hospitality-talents.eu\/emploi-hotellerie\/\",\"name\":\"Candidates - Hospitality Talents\",\"isPartOf\":{\"@id\":\"https:\/\/www.hospitality-talents.eu\/#website\"},\"datePublished\":\"2023-06-28T12:44:00+00:00\",\"dateModified\":\"2024-09-13T08:46:47+00:00\",\"description\":\"Vous souhaitez \u00e9voluer dans le secteur de l'h\u00f4tellerie? Notre agence de recrutement vous accompagne \u00e0 chaque \u00e9tape pour trouver le poste qui vous correspond - Hospitality Talents\",\"breadcrumb\":{\"@id\":\"https:\/\/www.hospitality-talents.eu\/emploi-hotellerie\/#breadcrumb\"},\"inLanguage\":\"fr-FR\",\"potentialAction\":[{\"@type\":\"ReadAction\",\"target\":[\"https:\/\/www.hospitality-talents.eu\/emploi-hotellerie\/\"]}]},{\"@type\":\"BreadcrumbList\",\"@id\":\"https:\/\/www.hospitality-talents.eu\/emploi-hotellerie\/#breadcrumb\",\"itemListElement\":[{\"@type\":\"ListItem\",\"position\":1,\"name\":\"Home\",\"item\":\"https:\/\/www.hospitality-talents.eu\/\"},{\"@type\":\"ListItem\",\"position\":2,\"name\":\"Candidates\"}]},{\"@type\":\"WebSite\",\"@id\":\"https:\/\/www.hospitality-talents.eu\/#website\",\"url\":\"https:\/\/www.hospitality-talents.eu\/\",\"name\":\"Hospitality Talents\",\"description\":\"Hospitality Talents - Recruitment Agency\",\"publisher\":{\"@id\":\"https:\/\/www.hospitality-talents.eu\/#organization\"},\"potentialAction\":[{\"@type\":\"SearchAction\",\"target\":{\"@type\":\"EntryPoint\",\"urlTemplate\":\"https:\/\/www.hospitality-talents.eu\/?s={search_term_string}\"},\"query-input\":\"required name=search_term_string\"}],\"inLanguage\":\"fr-FR\"},{\"@type\":\"Organization\",\"@id\":\"https:\/\/www.hospitality-talents.eu\/#organization\",\"name\":\"Hospitality Talents\",\"url\":\"https:\/\/www.hospitality-talents.eu\/\",\"logo\":{\"@type\":\"ImageObject\",\"inLanguage\":\"fr-FR\",\"@id\":\"https:\/\/www.hospitality-talents.eu\/#\/schema\/logo\/image\/\",\"url\":\"https:\/\/www.hospitality-talents.eu\/wp-content\/uploads\/2023\/09\/Hospitality-Talents.jpg\",\"contentUrl\":\"https:\/\/www.hospitality-talents.eu\/wp-content\/uploads\/2023\/09\/Hospitality-Talents.jpg\",\"width\":397,\"height\":143,\"caption\":\"Hospitality Talents\"},\"image\":{\"@id\":\"https:\/\/www.hospitality-talents.eu\/#\/schema\/logo\/image\/\"},\"sameAs\":[\"https:\/\/www.linkedin.com\/company\/hospitality-talents-recruitment-agency\/\"],\"publishingPrinciples\":\"https:\/\/www.hospitality-talents.eu\/\"}]}<\/script>\n<!-- \/ Yoast SEO Premium plugin. -->","yoast_head_json":{"title":"Candidates - Hospitality Talents","description":"Vous souhaitez \u00e9voluer dans le secteur de l'h\u00f4tellerie? Notre agence de recrutement vous accompagne \u00e0 chaque \u00e9tape pour trouver le poste qui vous correspond - Hospitality Talents","robots":{"index":"index","follow":"follow","max-snippet":"max-snippet:-1","max-image-preview":"max-image-preview:large","max-video-preview":"max-video-preview:-1"},"canonical":"https:\/\/www.hospitality-talents.eu\/fr\/emploi-hotellerie\/","twitter_misc":{"Dur\u00e9e de lecture estim\u00e9e":"1 minute"},"schema":{"@context":"https:\/\/schema.org","@graph":[{"@type":"WebPage","@id":"https:\/\/www.hospitality-talents.eu\/emploi-hotellerie\/","url":"https:\/\/www.hospitality-talents.eu\/emploi-hotellerie\/","name":"Candidates - Hospitality Talents","isPartOf":{"@id":"https:\/\/www.hospitality-talents.eu\/#website"},"datePublished":"2023-06-28T12:44:00+00:00","dateModified":"2024-09-13T08:46:47+00:00","description":"Vous souhaitez \u00e9voluer dans le secteur de l'h\u00f4tellerie? Notre agence de recrutement vous accompagne \u00e0 chaque \u00e9tape pour trouver le poste qui vous correspond - Hospitality Talents","breadcrumb":{"@id":"https:\/\/www.hospitality-talents.eu\/emploi-hotellerie\/#breadcrumb"},"inLanguage":"fr-FR","potentialAction":[{"@type":"ReadAction","target":["https:\/\/www.hospitality-talents.eu\/emploi-hotellerie\/"]}]},{"@type":"BreadcrumbList","@id":"https:\/\/www.hospitality-talents.eu\/emploi-hotellerie\/#breadcrumb","itemListElement":[{"@type":"ListItem","position":1,"name":"Home","item":"https:\/\/www.hospitality-talents.eu\/"},{"@type":"ListItem","position":2,"name":"Candidates"}]},{"@type":"WebSite","@id":"https:\/\/www.hospitality-talents.eu\/#website","url":"https:\/\/www.hospitality-talents.eu\/","name":"Hospitality Talents","description":"Hospitality Talents - Recruitment Agency","publisher":{"@id":"https:\/\/www.hospitality-talents.eu\/#organization"},"potentialAction":[{"@type":"SearchAction","target":{"@type":"EntryPoint","urlTemplate":"https:\/\/www.hospitality-talents.eu\/?s={search_term_string}"},"query-input":"required name=search_term_string"}],"inLanguage":"fr-FR"},{"@type":"Organization","@id":"https:\/\/www.hospitality-talents.eu\/#organization","name":"Hospitality Talents","url":"https:\/\/www.hospitality-talents.eu\/","logo":{"@type":"ImageObject","inLanguage":"fr-FR","@id":"https:\/\/www.hospitality-talents.eu\/#\/schema\/logo\/image\/","url":"https:\/\/www.hospitality-talents.eu\/wp-content\/uploads\/2023\/09\/Hospitality-Talents.jpg","contentUrl":"https:\/\/www.hospitality-talents.eu\/wp-content\/uploads\/2023\/09\/Hospitality-Talents.jpg","width":397,"height":143,"caption":"Hospitality Talents"},"image":{"@id":"https:\/\/www.hospitality-talents.eu\/#\/schema\/logo\/image\/"},"sameAs":["https:\/\/www.linkedin.com\/company\/hospitality-talents-recruitment-agency\/"],"publishingPrinciples":"https:\/\/www.hospitality-talents.eu\/"}]}},"_links":{"self":[{"href":"https:\/\/www.hospitality-talents.eu\/fr\/wp-json\/wp\/v2\/pages\/27","targetHints":{"allow":["GET"]}}],"collection":[{"href":"https:\/\/www.hospitality-talents.eu\/fr\/wp-json\/wp\/v2\/pages"}],"about":[{"href":"https:\/\/www.hospitality-talents.eu\/fr\/wp-json\/wp\/v2\/types\/page"}],"author":[{"embeddable":true,"href":"https:\/\/www.hospitality-talents.eu\/fr\/wp-json\/wp\/v2\/users\/1"}],"replies":[{"embeddable":true,"href":"https:\/\/www.hospitality-talents.eu\/fr\/wp-json\/wp\/v2\/comments?post=27"}],"version-history":[{"count":6,"href":"https:\/\/www.hospitality-talents.eu\/fr\/wp-json\/wp\/v2\/pages\/27\/revisions"}],"predecessor-version":[{"id":150,"href":"https:\/\/www.hospitality-talents.eu\/fr\/wp-json\/wp\/v2\/pages\/27\/revisions\/150"}],"wp:attachment":[{"href":"https:\/\/www.hospitality-talents.eu\/fr\/wp-json\/wp\/v2\/media?parent=27"}],"curies":[{"name":"wp","href":"https:\/\/api.w.org\/{rel}","templated":true}]}}