{"id":72,"date":"2023-07-11T15:29:56","date_gmt":"2023-07-11T13:29:56","guid":{"rendered":"https:\/\/www.hospitality-talents.eu\/?page_id=72"},"modified":"2023-08-02T13:08:02","modified_gmt":"2023-08-02T11:08:02","slug":"cookie-notice","status":"publish","type":"page","link":"https:\/\/www.hospitality-talents.eu\/en\/cookie-notice\/","title":{"rendered":"Cookie Policy"},"content":{"rendered":"<p class=\"has-text-color\" style=\"color:#ba4a1f\">1. What is a cookie?<\/p>\n\n\n\n<p>A cookie is a small file made up of letters and numbers and downloaded to your computer when you access certain websites. In general, cookies allow a website to recognize the user's computer.<br>\u200b<br>The most important thing to know about the cookies we place is that they serve to improve the usability of our website, for example by remembering site preferences and language settings.<\/p>\n\n\n\n<p class=\"has-text-color\" style=\"color:#ba4a1f\">2. Why do we use cookies?<\/p>\n\n\n\n<p>We may use cookies and other similar technologies for a number of reasons, for example: (i) for security or fraud protection purposes, and to identify and prevent cyber-attacks, (ii) to provide you with the service you have elected to receive from us, iii) to monitor and analyze the performance, operation and effectiveness of our service and iv) to improve your user experience.<\/p>\n\n\n\n<p class=\"has-text-color\" style=\"color:#ba4a1f\">3. Your choices:<\/p>\n\n\n\n<p>To find out more about cookies, including how to see what cookies have been set and to understand how to manage, delete or block them, visit&nbsp;<a href=\"https:\/\/aboutcookies.org\/\" target=\"_blank\" rel=\"noreferrer noopener\"><\/a><a href=\"https:\/\/aboutcookies.org\/\" target=\"_blank\" rel=\"noreferrer noopener\">https:\/\/aboutcookies.org\/<\/a>&nbsp;or&nbsp;<a href=\"https:\/\/www.allaboutcookies.org\/fr\/\" target=\"_blank\" rel=\"noreferrer noopener\"><\/a><a href=\"https:\/\/www.allaboutcookies.org\/fr\/\" target=\"_blank\" rel=\"noreferrer noopener\">https:\/\/www.allaboutcookies.org\/fr\/<\/a>.<br>&nbsp;<\/p>\n\n\n\n<p>It is also possible to prevent your browser from accepting cookies by changing the relevant settings in your browser. You can usually find these settings in your browser's \"Options\" or \"Preferences\" menu.<br>&nbsp;<\/p>\n\n\n\n<p>Please note that deleting our cookies or disabling future cookies or tracking technologies may prevent you from accessing certain areas or features of our services, or may otherwise negatively affect your user experience.<br>&nbsp;<\/p>\n\n\n\n<p>The following links may be helpful, or you can use your browser's \"Help\" option.<br>&nbsp;<\/p>\n\n\n\n<ul class=\"wp-block-list\">\n<li><a href=\"https:\/\/support.mozilla.org\/fr\/kb\/protection-renforcee-contre-pistage-firefox-ordinateur?redirectslug=Enabling+and+disabling+cookies&amp;redirectlocale=en-US\" target=\"_blank\" rel=\"noreferrer noopener\">Param\u00e8tres des cookies dans Firefox<\/a><\/li>\n\n\n\n<li><a href=\"https:\/\/support.microsoft.com\/fr-fr\/topic\/supprimer-et-g%C3%A9rer-les-cookies-168dab11-0753-043d-7c16-ede5947fc64d\" target=\"_blank\" rel=\"noreferrer noopener\">Param\u00e8tres des cookies dans Internet Explorer<\/a><\/li>\n\n\n\n<li><a href=\"https:\/\/support.google.com\/chrome\/answer\/95647?hl=fr\" target=\"_blank\" rel=\"noreferrer noopener\">Param\u00e8tres des cookies dans Google Chrome<\/a><\/li>\n\n\n\n<li><a href=\"https:\/\/support.apple.com\/fr-fr\/guide\/safari\/sfri11471\/mac\" target=\"_blank\" rel=\"noreferrer noopener\">Param\u00e8tres des cookies dans Safari (OS X)<\/a><\/li>\n\n\n\n<li><a href=\"https:\/\/support.apple.com\/fr-fr\/HT201265\" target=\"_blank\" rel=\"noreferrer noopener\">Param\u00e8tres des cookies dans Safari (iOS)<\/a><\/li>\n\n\n\n<li><a href=\"https:\/\/support.google.com\/accounts\/answer\/32050?co=GENIE.Platform%3DAndroid&amp;hl=fr\" target=\"_blank\" rel=\"noreferrer noopener\">Param\u00e8tres des cookies dans Android<\/a><br>\u200b<\/li>\n<\/ul>\n\n\n\n<p>To refuse and prevent your data from being used by Google Analytics on all websites, see the following instructions:&nbsp;<a href=\"https:\/\/tools.google.com\/dlpage\/gaoptout?hl=fr\" target=\"_blank\" rel=\"noreferrer noopener\"><\/a><a href=\"https:\/\/tools.google.com\/dlpage\/gaoptout?hl=fr\" target=\"_blank\" rel=\"noreferrer noopener\">https:\/\/tools.google.com\/dlpage\/gaoptout?hl=fr<\/a>.<\/p>\n\n\n\n<p>\u200b<\/p>\n\n\n\n<p>We may change this cookie policy. We encourage you to check this page regularly for the latest information on cookies.<\/p>","protected":false},"excerpt":{"rendered":"<p>1. Qu&rsquo;est-ce qu&rsquo;un cookie ? \u200bUn cookie est un petit fichier constitu\u00e9 de lettres et de chiffres et t\u00e9l\u00e9charg\u00e9 sur votre ordinateur lorsque vous acc\u00e9dez \u00e0 certains sites web. En g\u00e9n\u00e9ral, les cookies permettent \u00e0 un site web de reconna\u00eetre l&rsquo;ordinateur de l\u2019utilisateur.\u200bLa chose la plus importante \u00e0 savoir sur les cookies que nous pla\u00e7ons [&hellip;]<\/p>","protected":false},"author":1,"featured_media":0,"parent":0,"menu_order":0,"comment_status":"closed","ping_status":"closed","template":"default.php","meta":{"content-type":"","footnotes":""},"class_list":["post-72","page","type-page","status-publish","hentry"],"acf":[],"yoast_head":"<!-- This site is optimized with the Yoast SEO Premium plugin v21.7 (Yoast SEO v22.5) - https:\/\/yoast.com\/wordpress\/plugins\/seo\/ -->\n<title>Politique en mati\u00e8re de cookies - Hospitality Talents<\/title>\n<meta name=\"description\" content=\"D\u00e9couvrez notre utilisation des cookies sur Hospitality Talents. Obtenez des informations sur la fa\u00e7on dont nous les utilisons pour am\u00e9liorer votre exp\u00e9rience sur notre site, personnaliser le contenu et analyser le trafic.\" \/>\n<meta name=\"robots\" content=\"index, follow, max-snippet:-1, max-image-preview:large, max-video-preview:-1\" \/>\n<link rel=\"canonical\" href=\"https:\/\/www.hospitality-talents.eu\/en\/cookie-notice\/\" \/>\n<meta name=\"twitter:label1\" content=\"Est. reading time\" \/>\n\t<meta name=\"twitter:data1\" content=\"2 minutes\" \/>\n<script type=\"application\/ld+json\" class=\"yoast-schema-graph\">{\"@context\":\"https:\/\/schema.org\",\"@graph\":[{\"@type\":\"WebPage\",\"@id\":\"https:\/\/www.hospitality-talents.eu\/cookie-notice\/\",\"url\":\"https:\/\/www.hospitality-talents.eu\/cookie-notice\/\",\"name\":\"Politique en mati\u00e8re de cookies - Hospitality Talents\",\"isPartOf\":{\"@id\":\"https:\/\/www.hospitality-talents.eu\/#website\"},\"datePublished\":\"2023-07-11T13:29:56+00:00\",\"dateModified\":\"2023-08-02T11:08:02+00:00\",\"description\":\"D\u00e9couvrez notre utilisation des cookies sur Hospitality Talents. Obtenez des informations sur la fa\u00e7on dont nous les utilisons pour am\u00e9liorer votre exp\u00e9rience sur notre site, personnaliser le contenu et analyser le trafic.\",\"breadcrumb\":{\"@id\":\"https:\/\/www.hospitality-talents.eu\/cookie-notice\/#breadcrumb\"},\"inLanguage\":\"en-US\",\"potentialAction\":[{\"@type\":\"ReadAction\",\"target\":[\"https:\/\/www.hospitality-talents.eu\/cookie-notice\/\"]}]},{\"@type\":\"BreadcrumbList\",\"@id\":\"https:\/\/www.hospitality-talents.eu\/cookie-notice\/#breadcrumb\",\"itemListElement\":[{\"@type\":\"ListItem\",\"position\":1,\"name\":\"Home\",\"item\":\"https:\/\/www.hospitality-talents.eu\/\"},{\"@type\":\"ListItem\",\"position\":2,\"name\":\"Politique en mati\u00e8re de cookies\"}]},{\"@type\":\"WebSite\",\"@id\":\"https:\/\/www.hospitality-talents.eu\/#website\",\"url\":\"https:\/\/www.hospitality-talents.eu\/\",\"name\":\"Hospitality Talents\",\"description\":\"Hospitality Talents - Recruitment Agency\",\"publisher\":{\"@id\":\"https:\/\/www.hospitality-talents.eu\/#organization\"},\"potentialAction\":[{\"@type\":\"SearchAction\",\"target\":{\"@type\":\"EntryPoint\",\"urlTemplate\":\"https:\/\/www.hospitality-talents.eu\/?s={search_term_string}\"},\"query-input\":\"required name=search_term_string\"}],\"inLanguage\":\"en-US\"},{\"@type\":\"Organization\",\"@id\":\"https:\/\/www.hospitality-talents.eu\/#organization\",\"name\":\"Hospitality Talents\",\"url\":\"https:\/\/www.hospitality-talents.eu\/\",\"logo\":{\"@type\":\"ImageObject\",\"inLanguage\":\"en-US\",\"@id\":\"https:\/\/www.hospitality-talents.eu\/#\/schema\/logo\/image\/\",\"url\":\"https:\/\/www.hospitality-talents.eu\/wp-content\/uploads\/2023\/09\/Hospitality-Talents.jpg\",\"contentUrl\":\"https:\/\/www.hospitality-talents.eu\/wp-content\/uploads\/2023\/09\/Hospitality-Talents.jpg\",\"width\":397,\"height\":143,\"caption\":\"Hospitality Talents\"},\"image\":{\"@id\":\"https:\/\/www.hospitality-talents.eu\/#\/schema\/logo\/image\/\"},\"sameAs\":[\"https:\/\/www.linkedin.com\/company\/hospitality-talents-recruitment-agency\/\"],\"publishingPrinciples\":\"https:\/\/www.hospitality-talents.eu\/\"}]}<\/script>\n<!-- \/ Yoast SEO Premium plugin. -->","yoast_head_json":{"title":"Politique en mati\u00e8re de cookies - Hospitality Talents","description":"D\u00e9couvrez notre utilisation des cookies sur Hospitality Talents. Obtenez des informations sur la fa\u00e7on dont nous les utilisons pour am\u00e9liorer votre exp\u00e9rience sur notre site, personnaliser le contenu et analyser le trafic.","robots":{"index":"index","follow":"follow","max-snippet":"max-snippet:-1","max-image-preview":"max-image-preview:large","max-video-preview":"max-video-preview:-1"},"canonical":"https:\/\/www.hospitality-talents.eu\/en\/cookie-notice\/","twitter_misc":{"Est. reading time":"2 minutes"},"schema":{"@context":"https:\/\/schema.org","@graph":[{"@type":"WebPage","@id":"https:\/\/www.hospitality-talents.eu\/cookie-notice\/","url":"https:\/\/www.hospitality-talents.eu\/cookie-notice\/","name":"Politique en mati\u00e8re de cookies - Hospitality Talents","isPartOf":{"@id":"https:\/\/www.hospitality-talents.eu\/#website"},"datePublished":"2023-07-11T13:29:56+00:00","dateModified":"2023-08-02T11:08:02+00:00","description":"D\u00e9couvrez notre utilisation des cookies sur Hospitality Talents. Obtenez des informations sur la fa\u00e7on dont nous les utilisons pour am\u00e9liorer votre exp\u00e9rience sur notre site, personnaliser le contenu et analyser le trafic.","breadcrumb":{"@id":"https:\/\/www.hospitality-talents.eu\/cookie-notice\/#breadcrumb"},"inLanguage":"en-US","potentialAction":[{"@type":"ReadAction","target":["https:\/\/www.hospitality-talents.eu\/cookie-notice\/"]}]},{"@type":"BreadcrumbList","@id":"https:\/\/www.hospitality-talents.eu\/cookie-notice\/#breadcrumb","itemListElement":[{"@type":"ListItem","position":1,"name":"Home","item":"https:\/\/www.hospitality-talents.eu\/"},{"@type":"ListItem","position":2,"name":"Politique en mati\u00e8re de cookies"}]},{"@type":"WebSite","@id":"https:\/\/www.hospitality-talents.eu\/#website","url":"https:\/\/www.hospitality-talents.eu\/","name":"Hospitality Talents","description":"Hospitality Talents - Recruitment Agency","publisher":{"@id":"https:\/\/www.hospitality-talents.eu\/#organization"},"potentialAction":[{"@type":"SearchAction","target":{"@type":"EntryPoint","urlTemplate":"https:\/\/www.hospitality-talents.eu\/?s={search_term_string}"},"query-input":"required name=search_term_string"}],"inLanguage":"en-US"},{"@type":"Organization","@id":"https:\/\/www.hospitality-talents.eu\/#organization","name":"Hospitality Talents","url":"https:\/\/www.hospitality-talents.eu\/","logo":{"@type":"ImageObject","inLanguage":"en-US","@id":"https:\/\/www.hospitality-talents.eu\/#\/schema\/logo\/image\/","url":"https:\/\/www.hospitality-talents.eu\/wp-content\/uploads\/2023\/09\/Hospitality-Talents.jpg","contentUrl":"https:\/\/www.hospitality-talents.eu\/wp-content\/uploads\/2023\/09\/Hospitality-Talents.jpg","width":397,"height":143,"caption":"Hospitality Talents"},"image":{"@id":"https:\/\/www.hospitality-talents.eu\/#\/schema\/logo\/image\/"},"sameAs":["https:\/\/www.linkedin.com\/company\/hospitality-talents-recruitment-agency\/"],"publishingPrinciples":"https:\/\/www.hospitality-talents.eu\/"}]}},"_links":{"self":[{"href":"https:\/\/www.hospitality-talents.eu\/en\/wp-json\/wp\/v2\/pages\/72","targetHints":{"allow":["GET"]}}],"collection":[{"href":"https:\/\/www.hospitality-talents.eu\/en\/wp-json\/wp\/v2\/pages"}],"about":[{"href":"https:\/\/www.hospitality-talents.eu\/en\/wp-json\/wp\/v2\/types\/page"}],"author":[{"embeddable":true,"href":"https:\/\/www.hospitality-talents.eu\/en\/wp-json\/wp\/v2\/users\/1"}],"replies":[{"embeddable":true,"href":"https:\/\/www.hospitality-talents.eu\/en\/wp-json\/wp\/v2\/comments?post=72"}],"version-history":[{"count":4,"href":"https:\/\/www.hospitality-talents.eu\/en\/wp-json\/wp\/v2\/pages\/72\/revisions"}],"predecessor-version":[{"id":119,"href":"https:\/\/www.hospitality-talents.eu\/en\/wp-json\/wp\/v2\/pages\/72\/revisions\/119"}],"wp:attachment":[{"href":"https:\/\/www.hospitality-talents.eu\/en\/wp-json\/wp\/v2\/media?parent=72"}],"curies":[{"name":"wp","href":"https:\/\/api.w.org\/{rel}","templated":true}]}}